{"id":3097,"date":"2024-11-14T20:59:44","date_gmt":"2024-11-15T00:59:44","guid":{"rendered":"https:\/\/santanderlimpieza.com\/?post_type=product&#038;p=3097"},"modified":"2024-12-18T19:29:11","modified_gmt":"2024-12-18T23:29:11","slug":"carro-estrujador-36-lts","status":"publish","type":"product","link":"https:\/\/santanderlimpieza.com\/?product=carro-estrujador-36-lts","title":{"rendered":"CARRO ESTRUJADOR 36 LTS"},"content":{"rendered":"<h2>CARACTERISTICAS CARRO ESTRUJADOR 36 LITROS<\/h2>\n<p><strong>Color<\/strong>: Amarillo<br \/>\n<strong>Capacidad<\/strong>: 36 Litros<br \/>\n<strong>Material<\/strong>: Pl\u00e1stico<\/p>\n<p>&nbsp;<\/p>\n<p>El\u00a0<strong>CARRO ESTRUJADOR SIMPLE<\/strong>\u00a0es un carro recipiente con capacidad de 36 Litros, con estrujador incluido.-<\/p>\n<p>Carro con dos recipientes independientes. Uno para agua limpia y el otro para agua sucia. Especialmente dise\u00f1ados para hospitales, cl\u00ednicas entre otros.<\/p>\n<p>El\u00a0<strong>CARRO ESTRUJADOR SIMPLE<\/strong>\u00a0es\u00a0Fabricado con alta resistencia.-<\/p>\n<p>Ahorrar\u00e1 muchos viajes para lavar y escurrir el trapero, y adem\u00e1s por su sistema de escurrido, dejar\u00e1 el trapero mucho m\u00e1s seco, al tiempo que evita el contacto directo de las manos con el agua sucia y posibles lesiones del operario por el esfuerzo producido al tener que escurrir constantemente durante todo el d\u00eda, adem\u00e1s de prevenir heridas causadas por elementos tales como ganchos, vidrios o agujas.<\/p>\n<p>Para una mayor eficiencia en el secado y duraci\u00f3n del balde, se recomienda su uso con los traperos estilo Mopa.<\/p>\n","protected":false},"excerpt":{"rendered":"<p>CARACTERISTICAS CARRO ESTRUJADOR 36 LITROS Color: Amarillo Capacidad: 36 Litros Material: Pl\u00e1stico &nbsp; El\u00a0CARRO ESTRUJADOR SIMPLE\u00a0es un carro recipiente con capacidad de 36 Litros, con estrujador incluido.- Carro con dos recipientes independientes. Uno para agua limpia y el otro para agua sucia. Especialmente dise\u00f1ados para hospitales, cl\u00ednicas entre otros. El\u00a0CARRO ESTRUJADOR SIMPLE\u00a0es\u00a0Fabricado con alta resistencia.- Ahorrar\u00e1 muchos viajes para lavar y escurrir el trapero, y adem\u00e1s por su sistema de escurrido, dejar\u00e1 el trapero mucho m\u00e1s seco, al tiempo que evita el contacto directo de las manos con el agua sucia y posibles lesiones del operario por el esfuerzo producido&hellip;<\/p>\n","protected":false},"featured_media":3251,"comment_status":"open","ping_status":"closed","template":"","meta":[],"product_brand":[],"product_cat":[90],"product_tag":[],"class_list":{"0":"post-3097","1":"product","2":"type-product","3":"status-publish","4":"has-post-thumbnail","6":"product_cat-carros-de-limpieza","8":"first","9":"instock","10":"sale","11":"taxable","12":"shipping-taxable","13":"purchasable","14":"product-type-simple","15":"thumb-has-effect","16":"prod-rating-off"},"jetpack_sharing_enabled":true,"_links":{"self":[{"href":"https:\/\/santanderlimpieza.com\/index.php?rest_route=\/wp\/v2\/product\/3097","targetHints":{"allow":["GET"]}}],"collection":[{"href":"https:\/\/santanderlimpieza.com\/index.php?rest_route=\/wp\/v2\/product"}],"about":[{"href":"https:\/\/santanderlimpieza.com\/index.php?rest_route=\/wp\/v2\/types\/product"}],"replies":[{"embeddable":true,"href":"https:\/\/santanderlimpieza.com\/index.php?rest_route=%2Fwp%2Fv2%2Fcomments&post=3097"}],"wp:featuredmedia":[{"embeddable":true,"href":"https:\/\/santanderlimpieza.com\/index.php?rest_route=\/wp\/v2\/media\/3251"}],"wp:attachment":[{"href":"https:\/\/santanderlimpieza.com\/index.php?rest_route=%2Fwp%2Fv2%2Fmedia&parent=3097"}],"wp:term":[{"taxonomy":"product_brand","embeddable":true,"href":"https:\/\/santanderlimpieza.com\/index.php?rest_route=%2Fwp%2Fv2%2Fproduct_brand&post=3097"},{"taxonomy":"product_cat","embeddable":true,"href":"https:\/\/santanderlimpieza.com\/index.php?rest_route=%2Fwp%2Fv2%2Fproduct_cat&post=3097"},{"taxonomy":"product_tag","embeddable":true,"href":"https:\/\/santanderlimpieza.com\/index.php?rest_route=%2Fwp%2Fv2%2Fproduct_tag&post=3097"}],"curies":[{"name":"wp","href":"https:\/\/api.w.org\/{rel}","templated":true}]}}