{"id":3090,"date":"2024-11-14T20:49:02","date_gmt":"2024-11-15T00:49:02","guid":{"rendered":"https:\/\/santanderlimpieza.com\/?post_type=product&#038;p=3090"},"modified":"2024-12-18T19:21:10","modified_gmt":"2024-12-18T23:21:10","slug":"caracteristicas-de-carro-de-aseo-porta-utiles-con-tapa","status":"publish","type":"product","link":"https:\/\/santanderlimpieza.com\/?product=caracteristicas-de-carro-de-aseo-porta-utiles-con-tapa","title":{"rendered":"CARRO DE ASEO PORTA UTILES CON TAPA"},"content":{"rendered":"<h2>CARACTERISTICAS DE CARRO DE ASEO PORTA \u00daTILES CON TAPA<\/h2>\n<table>\n<tbody>\n<tr>\n<td>Color : Gris<\/p>\n<p>Medidas: 113 x 51 x 96<\/p>\n<p>Incluye Bolsa Amarilla<\/td>\n<td><\/td>\n<\/tr>\n<\/tbody>\n<\/table>\n<p>&nbsp;<\/p>\n<ul>\n<li>Dise\u00f1ado como estaci\u00f3n de trabajo para el operador, esto permite que todos los elementos que componen el programa de limpieza sean transportados de una sola vez mejorando la productividad.<\/li>\n<li>Sus dos ruedas traseras fijas y dos ruedas delanteras giratorias lo hacen ser un equipo estable y de f\u00e1cil desplazamiento.<\/li>\n<\/ul>\n<h2>VENTAJAS DE CARRO DE ASEO PORTA \u00daTILES CON TAPA<\/h2>\n<ul>\n<li>Bolsa amarilla para el almacenaje de los residuos.<\/li>\n<\/ul>\n","protected":false},"excerpt":{"rendered":"<p>CARACTERISTICAS DE CARRO DE ASEO PORTA \u00daTILES CON TAPA Color : Gris Medidas: 113 x 51 x 96 Incluye Bolsa Amarilla &nbsp; Dise\u00f1ado como estaci\u00f3n de trabajo para el operador, esto permite que todos los elementos que componen el programa de limpieza sean transportados de una sola vez mejorando la productividad. Sus dos ruedas traseras fijas y dos ruedas delanteras giratorias lo hacen ser un equipo estable y de f\u00e1cil desplazamiento. VENTAJAS DE CARRO DE ASEO PORTA \u00daTILES CON TAPA Bolsa amarilla para el almacenaje de los residuos.<\/p>\n","protected":false},"featured_media":3257,"comment_status":"open","ping_status":"closed","template":"","meta":[],"product_brand":[],"product_cat":[90],"product_tag":[],"class_list":{"0":"post-3090","1":"product","2":"type-product","3":"status-publish","4":"has-post-thumbnail","6":"product_cat-carros-de-limpieza","8":"first","9":"instock","10":"sale","11":"taxable","12":"shipping-taxable","13":"purchasable","14":"product-type-simple","15":"thumb-has-effect","16":"prod-rating-off"},"jetpack_sharing_enabled":true,"_links":{"self":[{"href":"https:\/\/santanderlimpieza.com\/index.php?rest_route=\/wp\/v2\/product\/3090","targetHints":{"allow":["GET"]}}],"collection":[{"href":"https:\/\/santanderlimpieza.com\/index.php?rest_route=\/wp\/v2\/product"}],"about":[{"href":"https:\/\/santanderlimpieza.com\/index.php?rest_route=\/wp\/v2\/types\/product"}],"replies":[{"embeddable":true,"href":"https:\/\/santanderlimpieza.com\/index.php?rest_route=%2Fwp%2Fv2%2Fcomments&post=3090"}],"wp:featuredmedia":[{"embeddable":true,"href":"https:\/\/santanderlimpieza.com\/index.php?rest_route=\/wp\/v2\/media\/3257"}],"wp:attachment":[{"href":"https:\/\/santanderlimpieza.com\/index.php?rest_route=%2Fwp%2Fv2%2Fmedia&parent=3090"}],"wp:term":[{"taxonomy":"product_brand","embeddable":true,"href":"https:\/\/santanderlimpieza.com\/index.php?rest_route=%2Fwp%2Fv2%2Fproduct_brand&post=3090"},{"taxonomy":"product_cat","embeddable":true,"href":"https:\/\/santanderlimpieza.com\/index.php?rest_route=%2Fwp%2Fv2%2Fproduct_cat&post=3090"},{"taxonomy":"product_tag","embeddable":true,"href":"https:\/\/santanderlimpieza.com\/index.php?rest_route=%2Fwp%2Fv2%2Fproduct_tag&post=3090"}],"curies":[{"name":"wp","href":"https:\/\/api.w.org\/{rel}","templated":true}]}}